{"id":1455,"date":"2020-01-09T09:22:09","date_gmt":"2020-01-09T09:22:09","guid":{"rendered":"https:\/\/komodesignstore.com\/eu-project\/"},"modified":"2020-02-10T14:37:11","modified_gmt":"2020-02-10T13:37:11","slug":"eu-projekt","status":"publish","type":"page","link":"https:\/\/komodesignstore.com\/hr\/eu-projekt\/","title":{"rendered":"EU Projekt"},"content":{"rendered":"\t\t<div data-elementor-type=\"wp-page\" data-elementor-id=\"1455\" class=\"elementor elementor-1455 elementor-460\" data-elementor-post-type=\"page\">\n\t\t\t\t\t\t<section class=\"elementor-section elementor-top-section elementor-element elementor-element-5b46c7f elementor-section-boxed elementor-section-height-default elementor-section-height-default\" data-id=\"5b46c7f\" data-element_type=\"section\">\n\t\t\t\t\t\t<div class=\"elementor-container elementor-column-gap-default\">\n\t\t\t\t\t<div class=\"elementor-column elementor-col-100 elementor-top-column elementor-element elementor-element-0b3630b\" data-id=\"0b3630b\" data-element_type=\"column\">\n\t\t\t<div class=\"elementor-widget-wrap elementor-element-populated\">\n\t\t\t\t\t\t<div class=\"elementor-element elementor-element-01df28a elementor-widget elementor-widget-spacer\" data-id=\"01df28a\" data-element_type=\"widget\" data-widget_type=\"spacer.default\">\n\t\t\t\t<div class=\"elementor-widget-container\">\n\t\t\t\t\t\t\t<div class=\"elementor-spacer\">\n\t\t\t<div class=\"elementor-spacer-inner\"><\/div>\n\t\t<\/div>\n\t\t\t\t\t\t<\/div>\n\t\t\t\t<\/div>\n\t\t\t\t<div class=\"elementor-element elementor-element-a548c75 elementor-widget elementor-widget-text-editor\" data-id=\"a548c75\" data-element_type=\"widget\" data-widget_type=\"text-editor.default\">\n\t\t\t\t<div class=\"elementor-widget-container\">\n\t\t\t\t\t\t\t\t\t<p><img fetchpriority=\"high\" decoding=\"async\" class=\"size-full wp-image-1460 aligncenter\" src=\"https:\/\/komodesignstore.com\/wp-content\/uploads\/2020\/02\/eu-logo.jpg\" alt=\"\" width=\"859\" height=\"215\" srcset=\"https:\/\/komodesignstore.com\/wp-content\/uploads\/2020\/02\/eu-logo.jpg 859w, https:\/\/komodesignstore.com\/wp-content\/uploads\/2020\/02\/eu-logo-300x75.jpg 300w, https:\/\/komodesignstore.com\/wp-content\/uploads\/2020\/02\/eu-logo-768x192.jpg 768w, https:\/\/komodesignstore.com\/wp-content\/uploads\/2020\/02\/eu-logo-400x100.jpg 400w, https:\/\/komodesignstore.com\/wp-content\/uploads\/2020\/02\/eu-logo-600x150.jpg 600w\" sizes=\"(max-width: 859px) 100vw, 859px\" \/><\/p><h5>naziv projekta<\/h5><p>Izrada promotivno &#8211; informativnih internet stranica s on-line trgovinom za &#8216;Iva Stojkovic Jewelry&#8217; i &#8216;Komo&#8217; &#8211; robne marke tvrtke Contempora d.o.o.<\/p><h5>op\u0107i cilj<\/h5><p>Pove\u0107anje konkurentnosti i tr\u017ei\u0161ne pozicije tvrtke (odnosno robnih marki tvrtke), bolja vidljivost i dostupnost proizvoda u zemlji i inozemstvu. Tako\u0111er br\u017ea i lak\u0161a dostupnost informacija potrebnih svim partnerima, prodajnim mjestima i novinarima.<\/p><h5>specifi\u010dni ciljevi<\/h5><p>Pove\u0107anje zarade na doma\u0107em i inozemnom tr\u017ei\u0161tu, uspostavljanje mre\u017ee distribucijskih kanala, te posredno, vi\u0161e vremena za razvijanje proizvodnih pogona i novih proizvoda. Tako\u0111er otvaranje radnih mjesta u proizvodnji i marketingu.<\/p><h5>sufinanciranje<\/h5><p>Projekt se sufinancira od strane Europskih strukturnih i investicijskih fondova u financijskom razdoblju 2014.-2020.\u00a0sredstvima iz Europskog fonda za regionalni razvoj, Operativni program Konkurentnost i kohezija.<\/p><p>trajanje: 14.02.2019. \u2013 14.02.2020., vrijednost projekta:\u00a056.000,00 kn, EU sufinanciranje:\u00a039.200,00 kn, korisnik:\u00a0Contempora d.o.o.<\/p>\t\t\t\t\t\t\t\t<\/div>\n\t\t\t\t<\/div>\n\t\t\t\t<div class=\"elementor-element elementor-element-0c8fd36 elementor-widget elementor-widget-spacer\" data-id=\"0c8fd36\" data-element_type=\"widget\" data-widget_type=\"spacer.default\">\n\t\t\t\t<div class=\"elementor-widget-container\">\n\t\t\t\t\t\t\t<div class=\"elementor-spacer\">\n\t\t\t<div class=\"elementor-spacer-inner\"><\/div>\n\t\t<\/div>\n\t\t\t\t\t\t<\/div>\n\t\t\t\t<\/div>\n\t\t\t\t\t<\/div>\n\t\t<\/div>\n\t\t\t\t\t<\/div>\n\t\t<\/section>\n\t\t\t\t<\/div>\n\t\t","protected":false},"excerpt":{"rendered":"<p>naziv projekta Izrada promotivno &#8211; informativnih internet stranica s on-line trgovinom za &#8216;Iva Stojkovic Jewelry&#8217; i &#8216;Komo&#8217; &#8211; robne marke tvrtke Contempora d.o.o. op\u0107i cilj Pove\u0107anje konkurentnosti i tr\u017ei\u0161ne pozicije tvrtke (odnosno robnih marki tvrtke), bolja vidljivost i dostupnost proizvoda u zemlji i inozemstvu. Tako\u0111er br\u017ea i lak\u0161a dostupnost informacija potrebnih svim partnerima, prodajnim mjestima [&hellip;]<\/p>\n","protected":false},"author":1,"featured_media":0,"parent":0,"menu_order":0,"comment_status":"closed","ping_status":"closed","template":"","meta":{"_monsterinsights_skip_tracking":false,"_monsterinsights_sitenote_active":false,"_monsterinsights_sitenote_note":"","_monsterinsights_sitenote_category":0,"site-sidebar-layout":"no-sidebar","site-content-layout":"page-builder","ast-site-content-layout":"default","site-content-style":"default","site-sidebar-style":"default","ast-global-header-display":"","ast-banner-title-visibility":"","ast-main-header-display":"","ast-hfb-above-header-display":"","ast-hfb-below-header-display":"","ast-hfb-mobile-header-display":"","site-post-title":"disabled","ast-breadcrumbs-content":"","ast-featured-img":"disabled","footer-sml-layout":"","theme-transparent-header-meta":"default","adv-header-id-meta":"","stick-header-meta":"default","header-above-stick-meta":"","header-main-stick-meta":"","header-below-stick-meta":"","astra-migrate-meta-layouts":"default","ast-page-background-enabled":"default","ast-page-background-meta":{"desktop":{"background-color":"","background-image":"","background-repeat":"repeat","background-position":"center center","background-size":"auto","background-attachment":"scroll","background-type":"","background-media":"","overlay-type":"","overlay-color":"","overlay-opacity":"","overlay-gradient":""},"tablet":{"background-color":"","background-image":"","background-repeat":"repeat","background-position":"center center","background-size":"auto","background-attachment":"scroll","background-type":"","background-media":"","overlay-type":"","overlay-color":"","overlay-opacity":"","overlay-gradient":""},"mobile":{"background-color":"","background-image":"","background-repeat":"repeat","background-position":"center center","background-size":"auto","background-attachment":"scroll","background-type":"","background-media":"","overlay-type":"","overlay-color":"","overlay-opacity":"","overlay-gradient":""}},"ast-content-background-meta":{"desktop":{"background-color":"var(--ast-global-color-5)","background-image":"","background-repeat":"repeat","background-position":"center center","background-size":"auto","background-attachment":"scroll","background-type":"","background-media":"","overlay-type":"","overlay-color":"","overlay-opacity":"","overlay-gradient":""},"tablet":{"background-color":"var(--ast-global-color-5)","background-image":"","background-repeat":"repeat","background-position":"center center","background-size":"auto","background-attachment":"scroll","background-type":"","background-media":"","overlay-type":"","overlay-color":"","overlay-opacity":"","overlay-gradient":""},"mobile":{"background-color":"var(--ast-global-color-5)","background-image":"","background-repeat":"repeat","background-position":"center center","background-size":"auto","background-attachment":"scroll","background-type":"","background-media":"","overlay-type":"","overlay-color":"","overlay-opacity":"","overlay-gradient":""}},"footnotes":""},"class_list":["post-1455","page","type-page","status-publish","hentry"],"_links":{"self":[{"href":"https:\/\/komodesignstore.com\/hr\/wp-json\/wp\/v2\/pages\/1455","targetHints":{"allow":["GET"]}}],"collection":[{"href":"https:\/\/komodesignstore.com\/hr\/wp-json\/wp\/v2\/pages"}],"about":[{"href":"https:\/\/komodesignstore.com\/hr\/wp-json\/wp\/v2\/types\/page"}],"author":[{"embeddable":true,"href":"https:\/\/komodesignstore.com\/hr\/wp-json\/wp\/v2\/users\/1"}],"replies":[{"embeddable":true,"href":"https:\/\/komodesignstore.com\/hr\/wp-json\/wp\/v2\/comments?post=1455"}],"version-history":[{"count":0,"href":"https:\/\/komodesignstore.com\/hr\/wp-json\/wp\/v2\/pages\/1455\/revisions"}],"wp:attachment":[{"href":"https:\/\/komodesignstore.com\/hr\/wp-json\/wp\/v2\/media?parent=1455"}],"curies":[{"name":"wp","href":"https:\/\/api.w.org\/{rel}","templated":true}]}}