{"id":1519,"date":"2020-01-10T16:45:39","date_gmt":"2020-01-10T15:45:39","guid":{"rendered":"https:\/\/komodesignstore.com\/payments\/"},"modified":"2022-11-21T19:46:44","modified_gmt":"2022-11-21T18:46:44","slug":"nacini-placanja","status":"publish","type":"page","link":"https:\/\/komodesignstore.com\/hr\/nacini-placanja\/","title":{"rendered":"na\u010dini pla\u0107anja"},"content":{"rendered":"\t\t<div data-elementor-type=\"wp-page\" data-elementor-id=\"1519\" class=\"elementor elementor-1519 elementor-542\" data-elementor-post-type=\"page\">\n\t\t\t\t\t\t<section class=\"elementor-section elementor-top-section elementor-element elementor-element-dcca3e5 elementor-section-boxed elementor-section-height-default elementor-section-height-default\" data-id=\"dcca3e5\" data-element_type=\"section\">\n\t\t\t\t\t\t<div class=\"elementor-container elementor-column-gap-default\">\n\t\t\t\t\t<div class=\"elementor-column elementor-col-100 elementor-top-column elementor-element elementor-element-e60bfde\" data-id=\"e60bfde\" data-element_type=\"column\">\n\t\t\t<div class=\"elementor-widget-wrap elementor-element-populated\">\n\t\t\t\t\t\t<div class=\"elementor-element elementor-element-167d0a2 elementor-widget elementor-widget-spacer\" data-id=\"167d0a2\" data-element_type=\"widget\" data-widget_type=\"spacer.default\">\n\t\t\t\t<div class=\"elementor-widget-container\">\n\t\t\t\t\t\t\t<div class=\"elementor-spacer\">\n\t\t\t<div class=\"elementor-spacer-inner\"><\/div>\n\t\t<\/div>\n\t\t\t\t\t\t<\/div>\n\t\t\t\t<\/div>\n\t\t\t\t<div class=\"elementor-element elementor-element-de3aef5 elementor-widget elementor-widget-heading\" data-id=\"de3aef5\" data-element_type=\"widget\" data-widget_type=\"heading.default\">\n\t\t\t\t<div class=\"elementor-widget-container\">\n\t\t\t\t\t<h1 class=\"elementor-heading-title elementor-size-default\">na\u010dini pla\u0107anja<\/h1>\t\t\t\t<\/div>\n\t\t\t\t<\/div>\n\t\t\t\t<div class=\"elementor-element elementor-element-b8420db elementor-widget-divider--view-line_icon elementor-view-default elementor-widget-divider--element-align-center elementor-widget elementor-widget-divider\" data-id=\"b8420db\" data-element_type=\"widget\" data-widget_type=\"divider.default\">\n\t\t\t\t<div class=\"elementor-widget-container\">\n\t\t\t\t\t\t\t<div class=\"elementor-divider\">\n\t\t\t<span class=\"elementor-divider-separator\">\n\t\t\t\t\t\t\t<div class=\"elementor-icon elementor-divider__element\">\n\t\t\t\t\t<i aria-hidden=\"true\" class=\"far fa-handshake\"><\/i><\/div>\n\t\t\t\t\t\t<\/span>\n\t\t<\/div>\n\t\t\t\t\t\t<\/div>\n\t\t\t\t<\/div>\n\t\t\t\t\t<\/div>\n\t\t<\/div>\n\t\t\t\t\t<\/div>\n\t\t<\/section>\n\t\t\t\t<section class=\"elementor-section elementor-top-section elementor-element elementor-element-e7e4e03 elementor-section-boxed elementor-section-height-default elementor-section-height-default\" data-id=\"e7e4e03\" data-element_type=\"section\">\n\t\t\t\t\t\t<div class=\"elementor-container elementor-column-gap-default\">\n\t\t\t\t\t<div class=\"elementor-column elementor-col-100 elementor-top-column elementor-element elementor-element-e23e759\" data-id=\"e23e759\" data-element_type=\"column\">\n\t\t\t<div class=\"elementor-widget-wrap elementor-element-populated\">\n\t\t\t\t\t\t<section class=\"elementor-section elementor-inner-section elementor-element elementor-element-e9c7524 elementor-section-boxed elementor-section-height-default elementor-section-height-default\" data-id=\"e9c7524\" data-element_type=\"section\">\n\t\t\t\t\t\t<div class=\"elementor-container elementor-column-gap-no\">\n\t\t\t\t\t<div class=\"elementor-column elementor-col-66 elementor-inner-column elementor-element elementor-element-f1c01b2\" data-id=\"f1c01b2\" data-element_type=\"column\">\n\t\t\t<div class=\"elementor-widget-wrap elementor-element-populated\">\n\t\t\t\t\t\t<div class=\"elementor-element elementor-element-cb9cd0f elementor-widget elementor-widget-text-editor\" data-id=\"cb9cd0f\" data-element_type=\"widget\" data-widget_type=\"text-editor.default\">\n\t\t\t\t<div class=\"elementor-widget-container\">\n\t\t\t\t\t\t\t\t\t<p><strong>Prodajno osoblje Komo Design Store jam\u010di da \u0107ete dobiti vrhunsku uslugu i ostvariti maksimalnu vrijednost za svoj novac. U slu\u010daju da niste zadovoljni isporu\u010denim proizvodom, mo\u017eete ga vratiti u roku 14 dana nakon \u010dega \u0107emo vam vratiti novac.<\/strong><\/p>\n<p><strong>Cijena je ista za sve oblike pla\u0107anja.<\/strong><strong><br><\/strong><\/p>\n<p>Web trgovina Komo Design Store omogu\u0107uje vam kupnju odabranih proizvoda pla\u0107anjem izravno putem interneta i to na \u010detiri na\u010dina:<\/p>\n<p><strong>1. Op\u0107om uplatnicom ili Internet bankarstvom<\/strong><\/p>\n<p>Kod izbora ovog na\u010dina pla\u0107anja, na svoju email adresu dobit \u0107ete ponudu sa svim podacima potrebnim za uplatu, uklju\u010duju\u0107i broj ra\u010duna na koji trebate uplatiti vrijednost narud\u017ebe. Uplatu zatim mo\u017eete izvr\u0161iti kori\u0161tenjem internet bankarstva ili na\u010dinom na koji ina\u010de pla\u0107ate svoje ra\u010dune \u2013 putem banke, po\u0161te, Fine ili sl.<\/p>\n<p>Uplate zaprimamo na ra\u010dun Zagreba\u010dke Banke:<\/p>\n<p><b><span>IBAN<\/span>:&nbsp;<\/b>HR7423600001102281430<br><strong>SWIFT:<\/strong>&nbsp;ZABAHR2X<\/p>\n<p><strong>2. Gotovinom (po primitku po\u0161iljke\/pouze\u0107em)<\/strong><br>Opcija pla\u0107anja pouze\u0107em omogu\u0107uje vam da iznos narud\u017ebe podmirite prilikom same dostave na navedenu adresu, tek kada robu vidite pred sobom. Pla\u0107anje pouze\u0107em se vr\u0161i isklju\u010divo u gotovini, dostavlja\u010du (Hrvatska po\u0161ta), prilikom same isporuke na navedenu adresu. U slu\u010daju da primatelj nije u mogu\u0107nosti zaprimiti po\u0161iljku na definiranoj dostavnoj adresi u trenutku dostave, dostavlja\u010d ponavlja poku\u0161aj dostave.<\/p>\n<p><strong>3. Pla\u0107anje kreditnim i debitnim karticama jednokratno<\/strong><\/p>\n<p>American Express, Visa, MasterCard, Diners i Maestro<\/p>\n<p><span style=\"font-size: 18.75px; font-style: normal; font-weight: 700;\">4. Pla\u0107anje kreditnim i debitnim karticama na rate<\/span><br><\/p>\n<p><span style=\"font-size: 18.75px; font-style: normal; font-weight: 400;\">ZABA (MasterCard) &#8211; do 24 rate bez kamata i naknada<br><\/span><span style=\"font-size: 18.75px; font-style: normal; font-weight: 400; color: var(--ast-global-color-3);\">PBZ (Premium Visa, Visa, Maestro) &#8211; do 12 rata bez kamata i naknada<br><\/span><span style=\"font-size: 18.75px; font-style: normal; font-weight: 400; color: var(--ast-global-color-3);\">ERSTE (Diners, Maestro, Mastercard, Visa) &#8211;&nbsp;<\/span><span style=\"font-size: 18.75px; font-style: normal; font-weight: 400; color: var(--ast-global-color-3);\">do 12 rata bez kamata i naknada<\/span><\/p>\n<div><a href=\"http:\/\/www.americanexpress.hr\/\" target=\"_blank\" rel=\"noopener noreferrer\"><img decoding=\"async\" src=\"\/wp-content\/uploads\/2020\/01\/AmericanExpress50.jpg\" alt=\"\"><\/a>&nbsp;<a href=\"http:\/\/www.diners.com.hr\/\" target=\"_blank\" rel=\"noopener noreferrer\"><img decoding=\"async\" src=\"\/wp-content\/uploads\/2020\/01\/DCI-Logo-horz.jpg\" alt=\"\"><\/a>&nbsp;<a href=\"http:\/\/www.mastercard.com\/\" target=\"_blank\" rel=\"noopener noreferrer\"><img decoding=\"async\" title=\"Mastercard\" src=\"\/wp-content\/uploads\/2020\/01\/mc_acc_opt_70_1x.png\" alt=\"Mastercard \" width=\"75\" height=\"48\"><\/a>&nbsp;<a href=\"http:\/\/www.maestrocard.com\/hr\/\" target=\"_blank\" rel=\"noopener noreferrer\"><img decoding=\"async\" title=\"Maestro \" src=\"\/wp-content\/uploads\/2020\/01\/ms_acc_opt_70_1x.png\" alt=\"Maestro\" width=\"75\" height=\"48\"><\/a>&nbsp;<a href=\"http:\/\/www.visa.com.hr\/\" target=\"_blank\" rel=\"noopener noreferrer\"><img decoding=\"async\" src=\"\/wp-content\/uploads\/2020\/01\/visa_fc.png\" alt=\"Visa\" width=\"86\" height=\"55\"><\/a><a href=\"http:\/\/www.pbzcard.hr\/media\/53821\/mcsc_hr.html\" target=\"_blank\" rel=\"noopener noreferrer\"><img decoding=\"async\" title=\"MasterCard SecureCode\" src=\"\/wp-content\/uploads\/2020\/01\/mastercard_securecode.gif\" alt=\"MasterCard SecureCode\"><\/a><a href=\"http:\/\/www.pbzcard.hr\/media\/53827\/vbv_hr.html\" target=\"_blank\" rel=\"noopener noreferrer\"><img decoding=\"async\" title=\"Verified by Visa\" src=\"\/wp-content\/uploads\/2020\/01\/verified_by_visa.jpg\" alt=\"Verified by Visa\"><\/a><\/div>\n<p>Pri pla\u0107anju na na\u0161oj web trgovini koristite CorvusPay \u2013 napredni sustav za siguran prihvat platnih kartica putem interneta.<\/p>\n<div><a href=\"http:\/\/www.corvuspay.hr\/\" target=\"_blank\" rel=\"noopener noreferrer\"><img decoding=\"async\" src=\"\/wp-content\/uploads\/2020\/01\/CorvusPAY.png\" alt=\"\"><\/a><\/div>\n<p><strong style=\"font-size: 18.75px; color: var(--ast-global-color-3);\"><br>4. Paypal&nbsp;ra\u010dunom<\/strong><br><\/p>\n<p><strong>IZJAVA O SIGURNOSTI ONLINE PLA\u0106ANJA<\/strong><\/p>\n<p>Pri pla\u0107anju na na\u0161oj web trgovini koristite CorvusPay \u2013 napredni sustav za siguran prihvat platnih kartica putem interneta. CorvusPay osigurava potpunu tajnost Va\u0161ih karti\u010dnih podataka ve\u0107 od trenutka kada ih upi\u0161ete u CorvusPay platni formular. Platni podaci proslje\u0111uju se \u0161ifrirano od Va\u0161eg web preglednika do banke koja je izdala Va\u0161u karticu. Na\u0161a trgovina nikada ne dolazi u kontakt s cjelovitim podacima o Va\u0161oj platnoj kartici. Tako\u0111er, podaci su nedostupni \u010dak i djelatnicima CorvusPay sustava. Izolirana jezgra samostalno prenosi i<br>upravlja osjetljivim podacima, \u010duvaju\u0107i ih pri tom potpuno sigurnima.<\/p>\n<p>Formular za upis platnih podataka osiguran je SSL transportnom \u0161ifrom najve\u0107e pouzdanosti. Svi skladi\u0161teni podaci dodatno su za\u0161ti\u0107eni \u0161ifriranjem, kori\u0161tenjem kriptografskog ure\u0111aja certificiranog prema FIPS 140-2 Level 3 standardu. CorvusPay zadovoljava sve zahtjeve vezane uz sigurnost on-line pla\u0107anja propisane od strane vode\u0107ih karti\u010dnih brandova, odnosno posluje sukladno normi \u2013 PCI DSS Level 1 \u2013 najvi\u0161i sigurnosni standard industrije platnih kartica. Pri pla\u0107anju karticama uvr\u0161tenim u 3-D Secure program Va\u0161a banka uz valjanost same kartice dodatno potvr\u0111uje i Va\u0161 identitet pomo\u0107u tokena ili lozinke.<\/p>\n<p>Corvus Info sve prikupljene informacije smatra bankovnom tajnom i tretira ih u skladu s tim. Informacije se koriste isklju\u010divo u svrhe za koje su namijenjene. Va\u0161i osjetljivi podaci u potpunosti su sigurni, a njihova privatnost zajam\u010dena je najmodernijim za\u0161titnim mehanizmima. Prikupljaju se samo podaci nu\u017eni za obavljanje posla sukladno propisanim zahtjevnim procedurama za on-line pla\u0107anje. Sigurnosne kontrole i operativne procedure primijenjene na na\u0161u infrastrukturu osiguravaju trenutnu pouzdanost CorvusPay sustava. Uz to odr\u017eavanjem stroge kontrole pristupa, redovitim pra\u0107enjem sigurnosti i dubinskim provjerama za sprje\u010davanje ranjivosti mre\u017ee te planskim provo\u0111enjem odredbi o<br>informacijskoj sigurnosti trajno odr\u017eavaju i unaprje\u0111uju stupanj sigurnosti sustava za\u0161titom Va\u0161ih karti\u010dnih podataka.<\/p>\n<p><strong>IZJAVA O KONVERZIJI<\/strong><\/p>\n<p>Sva pla\u0107anja bit \u0107e izvr\u0161ena u kunama. Iznos Va\u0161e kreditne kartice koja je vezana na Paypal ra\u010dun bit \u0107e tere\u0107en kroz konverziju cijene u eurima ili dolarima u hrvatske kune prema trenutnom te\u010daju Hrvatske narodne banke. Aktualni te\u010daj mo\u017eete provjeriti klikom na&nbsp;<a href=\"https:\/\/www.hnb.hr\/en\/web\/guest\/core-functions\/monetary-policy\/exchange-rate-list\/exchange-rate-list\">te\u010dajnu listu.<\/a><\/p>\n<p>Kod tere\u0107enja va\u0161e kreditne kartice isti iznos se pretvara u lokalnu valutu prema te\u010daju udru\u017eenja kreditnih kartica. Kao rezultat ove konverzije postoji mogu\u0107nost male razlike od originalne cijene navedene na na\u0161im web stranicama.<\/p>\n<p><strong>All payments will be effected in Croatian currency. The charged amount on your credit card account is converted into your local currency according to the exchange rate of credit card associations.<\/strong><\/p>\t\t\t\t\t\t\t\t<\/div>\n\t\t\t\t<\/div>\n\t\t\t\t<div class=\"elementor-element elementor-element-f00cfb7 elementor-widget elementor-widget-spacer\" data-id=\"f00cfb7\" data-element_type=\"widget\" data-widget_type=\"spacer.default\">\n\t\t\t\t<div class=\"elementor-widget-container\">\n\t\t\t\t\t\t\t<div class=\"elementor-spacer\">\n\t\t\t<div class=\"elementor-spacer-inner\"><\/div>\n\t\t<\/div>\n\t\t\t\t\t\t<\/div>\n\t\t\t\t<\/div>\n\t\t\t\t\t<\/div>\n\t\t<\/div>\n\t\t\t\t<div class=\"elementor-column elementor-col-33 elementor-inner-column elementor-element elementor-element-8c8066a\" data-id=\"8c8066a\" data-element_type=\"column\">\n\t\t\t<div class=\"elementor-widget-wrap elementor-element-populated\">\n\t\t\t\t\t\t<div class=\"elementor-element elementor-element-855cfa9 elementor-invisible elementor-widget elementor-widget-sidebar\" data-id=\"855cfa9\" data-element_type=\"widget\" data-settings=\"{&quot;sticky&quot;:&quot;top&quot;,&quot;sticky_offset&quot;:100,&quot;_animation&quot;:&quot;fadeInDown&quot;,&quot;_animation_delay&quot;:2000,&quot;sticky_on&quot;:[&quot;desktop&quot;,&quot;tablet&quot;,&quot;mobile&quot;],&quot;sticky_effects_offset&quot;:0,&quot;sticky_anchor_link_offset&quot;:0}\" data-widget_type=\"sidebar.default\">\n\t\t\t\t<div class=\"elementor-widget-container\">\n\t\t\t\t\t<div id=\"nav_menu-2\" class=\"widget widget_nav_menu\"><h2 class=\"widget-title\">UVJETI<\/h2><nav class=\"menu-uvjeti-container\" aria-label=\"UVJETI\"><ul id=\"menu-uvjeti\" class=\"menu\"><li id=\"menu-item-1532\" class=\"menu-item menu-item-type-post_type menu-item-object-page menu-item-1532\"><a href=\"https:\/\/komodesignstore.com\/hr\/opci-uvjeti-koristenja\/\" class=\"menu-link\">OP\u0106I UVJETI KORI\u0160TENJA<\/a><\/li>\n<li id=\"menu-item-1533\" class=\"menu-item menu-item-type-post_type menu-item-object-page menu-item-1533\"><a href=\"https:\/\/komodesignstore.com\/hr\/politika-zastite-podataka-i-privatnosti\/\" class=\"menu-link\">POLITIKA ZA\u0160TITE PODATAKA<\/a><\/li>\n<li id=\"menu-item-1534\" class=\"menu-item menu-item-type-post_type menu-item-object-page menu-item-1534\"><a href=\"https:\/\/komodesignstore.com\/hr\/povrat-zamjena-reklamacije\/\" class=\"menu-link\">POVRAT, ZAMJENA, REKLAMACIJE<\/a><\/li>\n<li id=\"menu-item-1531\" class=\"menu-item menu-item-type-post_type menu-item-object-page menu-item-1531\"><a href=\"https:\/\/komodesignstore.com\/hr\/nacini-placanja\/\" class=\"menu-link\">NA\u010cINI PLA\u0106ANJA<\/a><\/li>\n<li id=\"menu-item-1530\" class=\"menu-item menu-item-type-post_type menu-item-object-page menu-item-1530\"><a href=\"https:\/\/komodesignstore.com\/hr\/cjenik-i-uvjeti-dostave\/\" class=\"menu-link\">CJENIK I UVJETI DOSTAVE<\/a><\/li>\n<\/ul><\/nav><\/div>\t\t\t\t<\/div>\n\t\t\t\t<\/div>\n\t\t\t\t\t<\/div>\n\t\t<\/div>\n\t\t\t\t\t<\/div>\n\t\t<\/section>\n\t\t\t\t\t<\/div>\n\t\t<\/div>\n\t\t\t\t\t<\/div>\n\t\t<\/section>\n\t\t\t\t<\/div>\n\t\t","protected":false},"excerpt":{"rendered":"<p>na\u010dini pla\u0107anja Prodajno osoblje Komo Design Store jam\u010di da \u0107ete dobiti vrhunsku uslugu i ostvariti maksimalnu vrijednost za svoj novac. U slu\u010daju da niste zadovoljni isporu\u010denim proizvodom, mo\u017eete ga vratiti u roku 14 dana nakon \u010dega \u0107emo vam vratiti novac. Cijena je ista za sve oblike pla\u0107anja. Web trgovina Komo Design Store omogu\u0107uje vam kupnju [&hellip;]<\/p>\n","protected":false},"author":1,"featured_media":0,"parent":0,"menu_order":0,"comment_status":"closed","ping_status":"closed","template":"","meta":{"_monsterinsights_skip_tracking":false,"_monsterinsights_sitenote_active":false,"_monsterinsights_sitenote_note":"","_monsterinsights_sitenote_category":0,"site-sidebar-layout":"no-sidebar","site-content-layout":"page-builder","ast-site-content-layout":"default","site-content-style":"default","site-sidebar-style":"default","ast-global-header-display":"","ast-banner-title-visibility":"","ast-main-header-display":"","ast-hfb-above-header-display":"","ast-hfb-below-header-display":"","ast-hfb-mobile-header-display":"","site-post-title":"disabled","ast-breadcrumbs-content":"","ast-featured-img":"disabled","footer-sml-layout":"","theme-transparent-header-meta":"default","adv-header-id-meta":"","stick-header-meta":"default","header-above-stick-meta":"","header-main-stick-meta":"","header-below-stick-meta":"","astra-migrate-meta-layouts":"default","ast-page-background-enabled":"default","ast-page-background-meta":{"desktop":{"background-color":"","background-image":"","background-repeat":"repeat","background-position":"center center","background-size":"auto","background-attachment":"scroll","background-type":"","background-media":"","overlay-type":"","overlay-color":"","overlay-opacity":"","overlay-gradient":""},"tablet":{"background-color":"","background-image":"","background-repeat":"repeat","background-position":"center center","background-size":"auto","background-attachment":"scroll","background-type":"","background-media":"","overlay-type":"","overlay-color":"","overlay-opacity":"","overlay-gradient":""},"mobile":{"background-color":"","background-image":"","background-repeat":"repeat","background-position":"center center","background-size":"auto","background-attachment":"scroll","background-type":"","background-media":"","overlay-type":"","overlay-color":"","overlay-opacity":"","overlay-gradient":""}},"ast-content-background-meta":{"desktop":{"background-color":"var(--ast-global-color-5)","background-image":"","background-repeat":"repeat","background-position":"center center","background-size":"auto","background-attachment":"scroll","background-type":"","background-media":"","overlay-type":"","overlay-color":"","overlay-opacity":"","overlay-gradient":""},"tablet":{"background-color":"var(--ast-global-color-5)","background-image":"","background-repeat":"repeat","background-position":"center center","background-size":"auto","background-attachment":"scroll","background-type":"","background-media":"","overlay-type":"","overlay-color":"","overlay-opacity":"","overlay-gradient":""},"mobile":{"background-color":"var(--ast-global-color-5)","background-image":"","background-repeat":"repeat","background-position":"center center","background-size":"auto","background-attachment":"scroll","background-type":"","background-media":"","overlay-type":"","overlay-color":"","overlay-opacity":"","overlay-gradient":""}},"footnotes":""},"class_list":["post-1519","page","type-page","status-publish","hentry"],"_links":{"self":[{"href":"https:\/\/komodesignstore.com\/hr\/wp-json\/wp\/v2\/pages\/1519","targetHints":{"allow":["GET"]}}],"collection":[{"href":"https:\/\/komodesignstore.com\/hr\/wp-json\/wp\/v2\/pages"}],"about":[{"href":"https:\/\/komodesignstore.com\/hr\/wp-json\/wp\/v2\/types\/page"}],"author":[{"embeddable":true,"href":"https:\/\/komodesignstore.com\/hr\/wp-json\/wp\/v2\/users\/1"}],"replies":[{"embeddable":true,"href":"https:\/\/komodesignstore.com\/hr\/wp-json\/wp\/v2\/comments?post=1519"}],"version-history":[{"count":7,"href":"https:\/\/komodesignstore.com\/hr\/wp-json\/wp\/v2\/pages\/1519\/revisions"}],"predecessor-version":[{"id":27580,"href":"https:\/\/komodesignstore.com\/hr\/wp-json\/wp\/v2\/pages\/1519\/revisions\/27580"}],"wp:attachment":[{"href":"https:\/\/komodesignstore.com\/hr\/wp-json\/wp\/v2\/media?parent=1519"}],"curies":[{"name":"wp","href":"https:\/\/api.w.org\/{rel}","templated":true}]}}