{"id":1521,"date":"2020-01-10T16:46:43","date_gmt":"2020-01-10T15:46:43","guid":{"rendered":"https:\/\/komodesignstore.com\/prices-delivery\/"},"modified":"2020-11-25T21:11:40","modified_gmt":"2020-11-25T20:11:40","slug":"cjenik-i-uvjeti-dostave","status":"publish","type":"page","link":"https:\/\/komodesignstore.com\/hr\/cjenik-i-uvjeti-dostave\/","title":{"rendered":"cjenik i uvjeti dostave"},"content":{"rendered":"\t\t<div data-elementor-type=\"wp-page\" data-elementor-id=\"1521\" class=\"elementor elementor-1521 elementor-544\" data-elementor-post-type=\"page\">\n\t\t\t\t\t\t<section class=\"elementor-section elementor-top-section elementor-element elementor-element-dcca3e5 elementor-section-boxed elementor-section-height-default elementor-section-height-default\" data-id=\"dcca3e5\" data-element_type=\"section\">\n\t\t\t\t\t\t<div class=\"elementor-container elementor-column-gap-default\">\n\t\t\t\t\t<div class=\"elementor-column elementor-col-100 elementor-top-column elementor-element elementor-element-e60bfde\" data-id=\"e60bfde\" data-element_type=\"column\">\n\t\t\t<div class=\"elementor-widget-wrap elementor-element-populated\">\n\t\t\t\t\t\t<div class=\"elementor-element elementor-element-167d0a2 elementor-widget elementor-widget-spacer\" data-id=\"167d0a2\" data-element_type=\"widget\" data-widget_type=\"spacer.default\">\n\t\t\t\t<div class=\"elementor-widget-container\">\n\t\t\t\t\t\t\t<div class=\"elementor-spacer\">\n\t\t\t<div class=\"elementor-spacer-inner\"><\/div>\n\t\t<\/div>\n\t\t\t\t\t\t<\/div>\n\t\t\t\t<\/div>\n\t\t\t\t<div class=\"elementor-element elementor-element-de3aef5 elementor-widget elementor-widget-heading\" data-id=\"de3aef5\" data-element_type=\"widget\" data-widget_type=\"heading.default\">\n\t\t\t\t<div class=\"elementor-widget-container\">\n\t\t\t\t\t<h1 class=\"elementor-heading-title elementor-size-default\">CJENIK I UVJETI DOSTAVE<\/h1>\t\t\t\t<\/div>\n\t\t\t\t<\/div>\n\t\t\t\t<div class=\"elementor-element elementor-element-b8420db elementor-widget-divider--view-line_icon elementor-view-default elementor-widget-divider--element-align-center elementor-widget elementor-widget-divider\" data-id=\"b8420db\" data-element_type=\"widget\" data-widget_type=\"divider.default\">\n\t\t\t\t<div class=\"elementor-widget-container\">\n\t\t\t\t\t\t\t<div class=\"elementor-divider\">\n\t\t\t<span class=\"elementor-divider-separator\">\n\t\t\t\t\t\t\t<div class=\"elementor-icon elementor-divider__element\">\n\t\t\t\t\t<i aria-hidden=\"true\" class=\"far fa-handshake\"><\/i><\/div>\n\t\t\t\t\t\t<\/span>\n\t\t<\/div>\n\t\t\t\t\t\t<\/div>\n\t\t\t\t<\/div>\n\t\t\t\t\t<\/div>\n\t\t<\/div>\n\t\t\t\t\t<\/div>\n\t\t<\/section>\n\t\t\t\t<section class=\"elementor-section elementor-top-section elementor-element elementor-element-e7e4e03 elementor-section-boxed elementor-section-height-default elementor-section-height-default\" data-id=\"e7e4e03\" data-element_type=\"section\">\n\t\t\t\t\t\t<div class=\"elementor-container elementor-column-gap-default\">\n\t\t\t\t\t<div class=\"elementor-column elementor-col-100 elementor-top-column elementor-element elementor-element-e23e759\" data-id=\"e23e759\" data-element_type=\"column\">\n\t\t\t<div class=\"elementor-widget-wrap elementor-element-populated\">\n\t\t\t\t\t\t<section class=\"elementor-section elementor-inner-section elementor-element elementor-element-e9c7524 elementor-section-boxed elementor-section-height-default elementor-section-height-default\" data-id=\"e9c7524\" data-element_type=\"section\">\n\t\t\t\t\t\t<div class=\"elementor-container elementor-column-gap-no\">\n\t\t\t\t\t<div class=\"elementor-column elementor-col-66 elementor-inner-column elementor-element elementor-element-f1c01b2\" data-id=\"f1c01b2\" data-element_type=\"column\">\n\t\t\t<div class=\"elementor-widget-wrap elementor-element-populated\">\n\t\t\t\t\t\t<div class=\"elementor-element elementor-element-cb9cd0f elementor-widget elementor-widget-text-editor\" data-id=\"cb9cd0f\" data-element_type=\"widget\" data-widget_type=\"text-editor.default\">\n\t\t\t\t<div class=\"elementor-widget-container\">\n\t\t\t\t\t\t\t\t\t<p class=\"western\">Dostava se vr\u0161i na podru\u010dju\u00a0<b>Hrvatske i svijeta. <\/b><\/p><p class=\"western\"><b>Besplatna dostava<\/b><\/p><p class=\"western\">Dostava za sve narud\u017ebe\u00a0<b>u vrijednosti iznad 700,00 kn je besplatna<\/b>\u00a0za podru\u010dje cijele\u00a0<b>Hrvatske<\/b>, a pravo na besplatnu dostavu u <b>ostale zemlje EU<\/b> ostvaruju narud\u017ebe <b>u vrijednosti iznad 1.000,00 kn.<\/b> Za <b>ostale zemlje svijeta<\/b> besplatna je dostava za narud\u017ebe <b>u vrijednosti iznad 2.000,00 kn.<\/b><\/p><p class=\"western\"><b>Tro\u0161ak dostave<\/b><\/p><p class=\"western\">Tro\u0161ak dostave za narud\u017ebe manje od 700 kn za cijelu Hrvatsku se napla\u0107uje. Cijena dostave ovisi \u017eelite li slanje preporu\u010denom po\u0161iljkom ili HP ekspresom. Tro\u0161ak dostave u ostale zemlje EU se za narud\u017ebe manje od 1.000,00 kn tako\u0111er napla\u0107uje i to po cjeniku slanja preporu\u010denom po\u0161tom. Isto vrijedi i za po\u0161iljke vrijednosti do 2.000,00 kn naru\u010dene iz ostalih zemalja svijeta (osim EU). PDV (VAT) je uklju\u010den u izra\u017eene cijene dostave.<\/p><p class=\"western\"><b>Hrvatska<\/b><\/p><p class=\"western\">Tro\u0161ak dostave unutar Republike Hrvatske za\u00a0<b>narud\u017ebe manje od 700,00 kn (odnosno 95 eur)<\/b>\u00a0 iznosi <b>15,00<\/b><b> kn (odnosno 2 eur) za cijelu Hrvatsku<\/b> ukoliko se radi o <b>preporu\u010denoj po\u0161iljci.<\/b><\/p><p class=\"western\">Tro\u0161ak dostave unutar Republike Hrvatske za\u00a0<b>narud\u017ebe manje od 700,00 kn (odnosno 95 eur)\u00a0 <\/b>iznosi <b>35,00<\/b><b> kn (odnosno 5 eur) za cijelu Hrvatsku<\/b> ukoliko se radi o <b>HP ekspres po\u0161iljci.<\/b><\/p><p class=\"western\"><b>EU<\/b><\/p><p class=\"western\">Tro\u0161ak dostave u ostale zemlje EU za <b>narud\u017ebe manje od 1.000,00 kn (odnosno 135 eur)<\/b> iznosi <b>65,00 kn (odnosno 8,5 eur)<\/b> ukoliko se radi o <b>preporu\u010denoj po\u0161iljci.<\/b><\/p><p class=\"western\"><b>Svijet<\/b><\/p><p class=\"western\">Tro\u0161ak dostave u ostale zemlje svijeta (osim EU) za<b> narud\u017ebe manje od 2.000,00 kn (odnosno 267 eur) <\/b>iznosi <b>85,00 kn (odnosno 11,50 eur) ukoliko se radi o preporu\u010denoj po\u0161iljci.<\/b><\/p><p class=\"western\"><i>*PDV (VAT) je uklju\u010den u izra\u017eene cijene dostave.<\/i><\/p><p class=\"western\"><b>Proces i vrijeme dostave<\/b><\/p><p class=\"western\">Dostavu izvr\u0161ava ugovorni partner\u00a0<b>HP \u2013 Hrvatska po\u0161ta d.d.<\/b>\u00a0<\/p><p class=\"western\"><b>Uobi\u010dajeno vrijeme dostave za podru\u010dje Hrvatske<\/b>\u00a0je u roku od\u00a0<b>48 do 72 sata<\/b>\u00a0za narud\u017ebe izvr\u0161ene radnim danom. Za narud\u017ebe izvr\u0161ene petkom iza 11:00 sati te tijekom vikenda i blagdana, rok dostave je 48 do 72 sata od po\u010detka prvog sljede\u0107eg radnog dana. Navedeni rok dostave ra\u010duna se od trenutka kada je primljena uplata, osim u slu\u010daju odabira pla\u0107anja pouze\u0107em. U slu\u010daju\u00a0<b>dostave na otoke<\/b>, zbog logisti\u010dkih ograni\u010denja, dostava se vr\u0161i\u00a0<b>u roku od 3 do 7 dana<\/b>, ovisno o lokaciji.<\/p><p class=\"western\"><b>Vrijeme dostave za ostale zemlje EU je 5-10 radnih dana, ovisno o lokaciji.<\/b><\/p><p class=\"western\">Ukoliko ste odabrali na\u010din pla\u0107anja pouze\u0107em prilikom primitka po\u0161iljke, molimo vas da pripremite to\u010dan iznos za pla\u0107anje dostavlja\u010du.<\/p><p class=\"western\">Ako \u017eelite dogovoriti poseban termin dostave, molimo vas da to navedete prilikom narud\u017ebe u polje \u2018Napomena\u2019 kako bismo mogli va\u0161u \u017eelju prenijeti dostavnoj slu\u017ebi. Daljnje mogu\u0107nosti s vama \u0107e direktno dogovoriti na\u0161 ugovorni partner.<\/p><p class=\"western\">Svi proizvodi bit \u0107e za\u0161ti\u0107eni i zapakirani u\u00a0<b>kvalitetnu transportnu ambala\u017eu<\/b>\u00a0na na\u010din da se uobi\u010dajenom manipulacijom u transportu ne mogu o\u0161tetiti.<\/p><p class=\"western\">Nakon otpreme va\u0161e narud\u017ebe\u00a0<b>primiti \u0107ete e-mail poruku s brojem po\u0161iljke<\/b>\u00a0i\u00a0<b>uputama za pra\u0107enje<\/b>\u00a0kako biste u svakom trenutku mogli provjeriti gdje se trenutno nalazi va\u0161 paket.<\/p><p class=\"western\">Kupac je du\u017ean prilikom preuzimanja proizvoda provjeriti eventualna o\u0161te\u0107enja i odmah ih reklamirati dostavnom radniku koji je robu dostavio, odnosno odbiti preuzeti po\u0161iljku na kojoj su vidljiva vanjska o\u0161te\u0107enja. Kupac je obavezan prilikom preuzimanja robe potpisati otpremnicu ili dostavnicu te je dostavna slu\u017eba uzima kao potvrdu o preuzimanju. Potpisom Kupca na potvrdi o primitku po\u0161iljke smatra se da je proizvod preuzet bez vidljivih vanjskih o\u0161te\u0107enja.<\/p><p class=\"western\">U slu\u010daju da kupljeni proizvod nismo u mogu\u0107nosti isporu\u010diti u navedenom roku, o tome \u0107emo vas obavijestiti i dogovoriti eventualni novi rok isporuke. U ovom slu\u010daju Kupac ima pravo i na raskid Ugovora i povrat sredstava.<\/p><p class=\"western\">U slu\u010daju bilo kakvih pitanja rado \u0107emo vam pomo\u0107i. Slobodno nam se obratite na e-mail adresu:\u00a0<a href=\"mailto:info@wordpress-733904-2455648.cloudwaysapps.com\">info@wordpress-733904-2455648.cloudwaysapps.com<\/a><\/p>\t\t\t\t\t\t\t\t<\/div>\n\t\t\t\t<\/div>\n\t\t\t\t<div class=\"elementor-element elementor-element-ea3c37b elementor-widget elementor-widget-spacer\" data-id=\"ea3c37b\" data-element_type=\"widget\" data-widget_type=\"spacer.default\">\n\t\t\t\t<div class=\"elementor-widget-container\">\n\t\t\t\t\t\t\t<div class=\"elementor-spacer\">\n\t\t\t<div class=\"elementor-spacer-inner\"><\/div>\n\t\t<\/div>\n\t\t\t\t\t\t<\/div>\n\t\t\t\t<\/div>\n\t\t\t\t\t<\/div>\n\t\t<\/div>\n\t\t\t\t<div class=\"elementor-column elementor-col-33 elementor-inner-column elementor-element elementor-element-8c8066a\" data-id=\"8c8066a\" data-element_type=\"column\">\n\t\t\t<div class=\"elementor-widget-wrap elementor-element-populated\">\n\t\t\t\t\t\t<div class=\"elementor-element elementor-element-855cfa9 elementor-invisible elementor-widget elementor-widget-sidebar\" data-id=\"855cfa9\" data-element_type=\"widget\" data-settings=\"{&quot;sticky&quot;:&quot;top&quot;,&quot;sticky_offset&quot;:100,&quot;_animation&quot;:&quot;fadeInDown&quot;,&quot;_animation_delay&quot;:2000,&quot;sticky_on&quot;:[&quot;desktop&quot;,&quot;tablet&quot;,&quot;mobile&quot;],&quot;sticky_effects_offset&quot;:0,&quot;sticky_anchor_link_offset&quot;:0}\" data-widget_type=\"sidebar.default\">\n\t\t\t\t<div class=\"elementor-widget-container\">\n\t\t\t\t\t<div id=\"nav_menu-2\" class=\"widget widget_nav_menu\"><h2 class=\"widget-title\">UVJETI<\/h2><nav class=\"menu-uvjeti-container\" aria-label=\"UVJETI\"><ul id=\"menu-uvjeti\" class=\"menu\"><li id=\"menu-item-1532\" class=\"menu-item menu-item-type-post_type menu-item-object-page menu-item-1532\"><a href=\"https:\/\/komodesignstore.com\/hr\/opci-uvjeti-koristenja\/\" class=\"menu-link\">OP\u0106I UVJETI KORI\u0160TENJA<\/a><\/li>\n<li id=\"menu-item-1533\" class=\"menu-item menu-item-type-post_type menu-item-object-page menu-item-1533\"><a href=\"https:\/\/komodesignstore.com\/hr\/politika-zastite-podataka-i-privatnosti\/\" class=\"menu-link\">POLITIKA ZA\u0160TITE PODATAKA<\/a><\/li>\n<li id=\"menu-item-1534\" class=\"menu-item menu-item-type-post_type menu-item-object-page menu-item-1534\"><a href=\"https:\/\/komodesignstore.com\/hr\/povrat-zamjena-reklamacije\/\" class=\"menu-link\">POVRAT, ZAMJENA, REKLAMACIJE<\/a><\/li>\n<li id=\"menu-item-1531\" class=\"menu-item menu-item-type-post_type menu-item-object-page menu-item-1531\"><a href=\"https:\/\/komodesignstore.com\/hr\/nacini-placanja\/\" class=\"menu-link\">NA\u010cINI PLA\u0106ANJA<\/a><\/li>\n<li id=\"menu-item-1530\" class=\"menu-item menu-item-type-post_type menu-item-object-page menu-item-1530\"><a href=\"https:\/\/komodesignstore.com\/hr\/cjenik-i-uvjeti-dostave\/\" class=\"menu-link\">CJENIK I UVJETI DOSTAVE<\/a><\/li>\n<\/ul><\/nav><\/div>\t\t\t\t<\/div>\n\t\t\t\t<\/div>\n\t\t\t\t\t<\/div>\n\t\t<\/div>\n\t\t\t\t\t<\/div>\n\t\t<\/section>\n\t\t\t\t\t<\/div>\n\t\t<\/div>\n\t\t\t\t\t<\/div>\n\t\t<\/section>\n\t\t\t\t<\/div>\n\t\t","protected":false},"excerpt":{"rendered":"<p>CJENIK I UVJETI DOSTAVE Dostava se vr\u0161i na podru\u010dju\u00a0Hrvatske i svijeta. Besplatna dostava Dostava za sve narud\u017ebe\u00a0u vrijednosti iznad 700,00 kn je besplatna\u00a0za podru\u010dje cijele\u00a0Hrvatske, a pravo na besplatnu dostavu u ostale zemlje EU ostvaruju narud\u017ebe u vrijednosti iznad 1.000,00 kn. Za ostale zemlje svijeta besplatna je dostava za narud\u017ebe u vrijednosti iznad 2.000,00 kn. [&hellip;]<\/p>\n","protected":false},"author":1,"featured_media":0,"parent":0,"menu_order":0,"comment_status":"closed","ping_status":"closed","template":"","meta":{"_monsterinsights_skip_tracking":false,"_monsterinsights_sitenote_active":false,"_monsterinsights_sitenote_note":"","_monsterinsights_sitenote_category":0,"site-sidebar-layout":"no-sidebar","site-content-layout":"page-builder","ast-site-content-layout":"default","site-content-style":"default","site-sidebar-style":"default","ast-global-header-display":"","ast-banner-title-visibility":"","ast-main-header-display":"","ast-hfb-above-header-display":"","ast-hfb-below-header-display":"","ast-hfb-mobile-header-display":"","site-post-title":"disabled","ast-breadcrumbs-content":"","ast-featured-img":"disabled","footer-sml-layout":"","theme-transparent-header-meta":"default","adv-header-id-meta":"","stick-header-meta":"default","header-above-stick-meta":"","header-main-stick-meta":"","header-below-stick-meta":"","astra-migrate-meta-layouts":"default","ast-page-background-enabled":"default","ast-page-background-meta":{"desktop":{"background-color":"","background-image":"","background-repeat":"repeat","background-position":"center center","background-size":"auto","background-attachment":"scroll","background-type":"","background-media":"","overlay-type":"","overlay-color":"","overlay-opacity":"","overlay-gradient":""},"tablet":{"background-color":"","background-image":"","background-repeat":"repeat","background-position":"center center","background-size":"auto","background-attachment":"scroll","background-type":"","background-media":"","overlay-type":"","overlay-color":"","overlay-opacity":"","overlay-gradient":""},"mobile":{"background-color":"","background-image":"","background-repeat":"repeat","background-position":"center center","background-size":"auto","background-attachment":"scroll","background-type":"","background-media":"","overlay-type":"","overlay-color":"","overlay-opacity":"","overlay-gradient":""}},"ast-content-background-meta":{"desktop":{"background-color":"var(--ast-global-color-5)","background-image":"","background-repeat":"repeat","background-position":"center center","background-size":"auto","background-attachment":"scroll","background-type":"","background-media":"","overlay-type":"","overlay-color":"","overlay-opacity":"","overlay-gradient":""},"tablet":{"background-color":"var(--ast-global-color-5)","background-image":"","background-repeat":"repeat","background-position":"center center","background-size":"auto","background-attachment":"scroll","background-type":"","background-media":"","overlay-type":"","overlay-color":"","overlay-opacity":"","overlay-gradient":""},"mobile":{"background-color":"var(--ast-global-color-5)","background-image":"","background-repeat":"repeat","background-position":"center center","background-size":"auto","background-attachment":"scroll","background-type":"","background-media":"","overlay-type":"","overlay-color":"","overlay-opacity":"","overlay-gradient":""}},"footnotes":""},"class_list":["post-1521","page","type-page","status-publish","hentry"],"_links":{"self":[{"href":"https:\/\/komodesignstore.com\/hr\/wp-json\/wp\/v2\/pages\/1521","targetHints":{"allow":["GET"]}}],"collection":[{"href":"https:\/\/komodesignstore.com\/hr\/wp-json\/wp\/v2\/pages"}],"about":[{"href":"https:\/\/komodesignstore.com\/hr\/wp-json\/wp\/v2\/types\/page"}],"author":[{"embeddable":true,"href":"https:\/\/komodesignstore.com\/hr\/wp-json\/wp\/v2\/users\/1"}],"replies":[{"embeddable":true,"href":"https:\/\/komodesignstore.com\/hr\/wp-json\/wp\/v2\/comments?post=1521"}],"version-history":[{"count":0,"href":"https:\/\/komodesignstore.com\/hr\/wp-json\/wp\/v2\/pages\/1521\/revisions"}],"wp:attachment":[{"href":"https:\/\/komodesignstore.com\/hr\/wp-json\/wp\/v2\/media?parent=1521"}],"curies":[{"name":"wp","href":"https:\/\/api.w.org\/{rel}","templated":true}]}}