{"id":1527,"date":"2020-01-10T16:19:17","date_gmt":"2020-01-10T15:19:17","guid":{"rendered":"https:\/\/komodesignstore.com\/returns-complaints\/"},"modified":"2020-11-23T12:52:32","modified_gmt":"2020-11-23T11:52:32","slug":"povrat-zamjena-reklamacije","status":"publish","type":"page","link":"https:\/\/komodesignstore.com\/hr\/povrat-zamjena-reklamacije\/","title":{"rendered":"Povrat, zamjena, reklamacije"},"content":{"rendered":"\t\t<div data-elementor-type=\"wp-page\" data-elementor-id=\"1527\" class=\"elementor elementor-1527 elementor-524\" data-elementor-post-type=\"page\">\n\t\t\t\t\t\t<section class=\"elementor-section elementor-top-section elementor-element elementor-element-dcca3e5 elementor-section-boxed elementor-section-height-default elementor-section-height-default\" data-id=\"dcca3e5\" data-element_type=\"section\">\n\t\t\t\t\t\t<div class=\"elementor-container elementor-column-gap-default\">\n\t\t\t\t\t<div class=\"elementor-column elementor-col-100 elementor-top-column elementor-element elementor-element-e60bfde\" data-id=\"e60bfde\" data-element_type=\"column\">\n\t\t\t<div class=\"elementor-widget-wrap elementor-element-populated\">\n\t\t\t\t\t\t<div class=\"elementor-element elementor-element-167d0a2 elementor-widget elementor-widget-spacer\" data-id=\"167d0a2\" data-element_type=\"widget\" data-widget_type=\"spacer.default\">\n\t\t\t\t<div class=\"elementor-widget-container\">\n\t\t\t\t\t\t\t<div class=\"elementor-spacer\">\n\t\t\t<div class=\"elementor-spacer-inner\"><\/div>\n\t\t<\/div>\n\t\t\t\t\t\t<\/div>\n\t\t\t\t<\/div>\n\t\t\t\t<div class=\"elementor-element elementor-element-de3aef5 elementor-widget elementor-widget-heading\" data-id=\"de3aef5\" data-element_type=\"widget\" data-widget_type=\"heading.default\">\n\t\t\t\t<div class=\"elementor-widget-container\">\n\t\t\t\t\t<h1 class=\"elementor-heading-title elementor-size-default\">returns and complaints<\/h1>\t\t\t\t<\/div>\n\t\t\t\t<\/div>\n\t\t\t\t<div class=\"elementor-element elementor-element-b8420db elementor-widget-divider--view-line_icon elementor-view-default elementor-widget-divider--element-align-center elementor-widget elementor-widget-divider\" data-id=\"b8420db\" data-element_type=\"widget\" data-widget_type=\"divider.default\">\n\t\t\t\t<div class=\"elementor-widget-container\">\n\t\t\t\t\t\t\t<div class=\"elementor-divider\">\n\t\t\t<span class=\"elementor-divider-separator\">\n\t\t\t\t\t\t\t<div class=\"elementor-icon elementor-divider__element\">\n\t\t\t\t\t<svg xmlns=\"http:\/\/www.w3.org\/2000\/svg\" width=\"388.000000pt\" height=\"387.000000pt\" viewBox=\"0 0 388.000000 387.000000\" preserveAspectRatio=\"xMidYMid meet\"><g transform=\"translate(0.000000,387.000000) scale(0.100000,-0.100000)\" fill=\"#000000\" stroke=\"none\"><path d=\"M280 2015 l0 -1654 128 -3 127 -3 3 -77 3 -78 199 0 199 0 3 78 3 77 998 3 997 2 0 -80 0 -80 205 0 205 0 0 80 0 80 125 0 125 0 0 1655 0 1655 -1660 0 -1660 0 0 -1655z m3050 0 l0 -1395 -1390 0 -1390 0 0 1395 0 1395 1390 0 1390 0 0 -1395z\"><\/path><\/g><\/svg><\/div>\n\t\t\t\t\t\t<\/span>\n\t\t<\/div>\n\t\t\t\t\t\t<\/div>\n\t\t\t\t<\/div>\n\t\t\t\t\t<\/div>\n\t\t<\/div>\n\t\t\t\t\t<\/div>\n\t\t<\/section>\n\t\t\t\t<section class=\"elementor-section elementor-top-section elementor-element elementor-element-e7e4e03 elementor-section-boxed elementor-section-height-default elementor-section-height-default\" data-id=\"e7e4e03\" data-element_type=\"section\">\n\t\t\t\t\t\t<div class=\"elementor-container elementor-column-gap-default\">\n\t\t\t\t\t<div class=\"elementor-column elementor-col-100 elementor-top-column elementor-element elementor-element-e23e759\" data-id=\"e23e759\" data-element_type=\"column\">\n\t\t\t<div class=\"elementor-widget-wrap elementor-element-populated\">\n\t\t\t\t\t\t<section class=\"elementor-section elementor-inner-section elementor-element elementor-element-e9c7524 elementor-section-boxed elementor-section-height-default elementor-section-height-default\" data-id=\"e9c7524\" data-element_type=\"section\">\n\t\t\t\t\t\t<div class=\"elementor-container elementor-column-gap-no\">\n\t\t\t\t\t<div class=\"elementor-column elementor-col-66 elementor-inner-column elementor-element elementor-element-f1c01b2\" data-id=\"f1c01b2\" data-element_type=\"column\">\n\t\t\t<div class=\"elementor-widget-wrap elementor-element-populated\">\n\t\t\t\t\t\t<div class=\"elementor-element elementor-element-cb9cd0f elementor-widget elementor-widget-text-editor\" data-id=\"cb9cd0f\" data-element_type=\"widget\" data-widget_type=\"text-editor.default\">\n\t\t\t\t<div class=\"elementor-widget-container\">\n\t\t\t\t\t\t\t\t\t<p><b>KDS web shop djeluje sukladno Zakonu o za\u0161titi potro\u0161a\u010da, zakonu Republike Hrvatske kojim se \u0161tite osnovna prava potro\u0161a\u010da pri kupnji proizvoda i usluga. <\/b><\/p><h3>Raskid ugovora o kupoprodaji<\/h3><p>Imate pravo, ne navode\u0107i za to razlog, raskinuti ugovor o kupoprodaji u roku od 14 dana od dana preuzimanja robe ili nakon predavanja narud\u017ebe, u slu\u010daju da ste se predomislili prije isporuke robe.<\/p><p>Kako biste mogli ostvariti pravo na jednostrani raskid Ugovora o kupoprodaji, potrebno je dostaviti prije isteka navedenog roka pravilno popunjen primjerak Obrasca za jednostrani raskid ugovora o kupoprodaji, zajedno s originalnim ra\u010dunom. Obrazac mo\u017eete dostaviti u paketu zajedno s robom ili na e-mail adresu: <a href=\"mailto:info@wordpress-733904-2455648.cloudwaysapps.com\">info@wordpress-733904-2455648.cloudwaysapps.com<\/a><\/p><p>Obrazac za jednostrani raskid ugovora o kupoprodaji sklopljenog na daljinu <a href=\"https:\/\/komodesignstore.com\/wp-content\/uploads\/2020\/01\/obrazac-za-raskid-ugovora.pdf\" target=\"_blank\" rel=\"noopener\">preuzmite na ovom linku<\/a> u pdf formatu. Mo\u017eete ga ispuniti elektronskim putem ili fizi\u010dki nakon ispisa.<\/p><p>U slu\u010daju raskida ugovora, svaka je strana du\u017ena vratiti drugoj ono \u0161to je primila na temelju Ugovora. Prema \u010dlanku 72. Zakona o za\u0161titi potro\u0161a\u010da, du\u017eni ste primljenu robu vratiti na adresu Contempora d.o.o. (za web trgovinu), Bujska 1, 52100 Pula, Hrvatska.<\/p><p>Povrat robe mo\u017eete izvr\u0161iti putem bilo kojeg odabranog na\u010dina dostave o vlastitom tro\u0161ku.<\/p><p>Preduvjet jednostranog raskida Ugovora jest da roba nije kori\u0161tena te da se nalazi u originalnoj ambala\u017ei uklju\u010divo s originalnim etiketama. Ukoliko je do kori\u0161tenja (umanjenja vrijednosti) do\u0161lo, po primitku vra\u0107ene robe izvr\u0161iti \u0107emo procjenu stanja robe prema vidljivim znakovima upotrebe i sukladno tome odrediti koji \u0107e vam postotak povrata novca biti ispla\u0107en. U takvim situacijama \u0107emo vas kontaktirati i poku\u0161ati prona\u0107i obostrano najprihvatljivije rje\u0161enje.<\/p><p>Najkasnije u roku od 14 dana od dana kad smo zaprimili va\u0161u obavijest o odluci raskida ugovora, uz uvjet da ste izvr\u0161ili svoju obvezu povrata isporu\u010dene robe, izvr\u0161iti \u0107emo povrat va\u0161e uplate na va\u0161 transakcijski ra\u010dun.<\/p><p>Na\u017ealost nismo u mogu\u0107nosti izvr\u0161iti povrat dodatnih tro\u0161kova koji su rezultat va\u0161eg izri\u010ditog izbora vrste prijevoza, niti bilo kakve druge tro\u0161kove povezane s procesom povrata. Po\u0161iljke koje su poslane na na\u010din da zahtijevaju pla\u0107anje prilikom pouze\u0107a tako\u0111er nismo u mogu\u0107nosti primiti.<\/p><p><b>1. Zamjena artikala za drugu veli\u010dinu ili boju<\/b><\/p><p>Ukoliko ste nakon primitka robe ustanovili da vam se artikal zaista svi\u0111a, ali vam veli\u010dina ili boja koju ste naru\u010dili ne odgovara i \u017eelite ga zamijeniti za isti artikal u drugoj veli\u010dini ili boji, to mo\u017eete u\u010diniti na sljede\u0107i na\u010din.<\/p><p>Javite se na\u0161oj korisni\u010dkoj slu\u017ebi na e-mail adresu\u00a0<a href=\"mailto:mail@ivastojkovic.com\">mail@ivastojkovic.com<\/a>\u00a0i obavijestite nas o va\u0161oj \u017eelji. Provjeriti \u0107emo da li je \u017eeljeni artikal dostupan u tra\u017eenoj veli\u010dini odnosno boji. Ukoliko je artikal dostupan, artikal koji \u017eelite zamijeniti potrebno je zajedno s originalnim ra\u010dunom zapakirati u transportnu ambala\u017eu, te bilo kojim na\u010dinom dostave koji odaberete dostaviti na adresu Contempora d.o.o. (za web trgovinu), Bujska 1, 52100 Pula, Hrvatska o vlastitom tro\u0161ku. Ukoliko se odlu\u010dite na jednu (1) zamjenu, cijenu dostave za drugo slanje niste du\u017eni platiti ukoliko ste ju ve\u0107 platili za slanje prve narud\u017ebe.<\/p><p>Zamjena je mogu\u0107a isklju\u010divo ako roba nije kori\u0161tena i nalazi se u originalnoj ambala\u017ei uklju\u010divo s originalnim etiketama.<\/p><p>Ukoliko \u017eeljeni artikal nije dostupan u tra\u017eenoj veli\u010dini ili boji ili \u017eelite zamjeniti kupljeni artikal za drugi, potrebno je da s va\u0161e strane izvr\u0161ite jednostrani raskid Ugovora o kupoprodaji sljede\u0107i upute iz teksta \u2018<b>Raskid ugovora o kupoprodaji\u2019<\/b>, koji mo\u017eete prona\u0107i na vrhu ove stranice.<\/p><p>Uplata koju ste izvr\u0161ili prilikom prethodne narud\u017ebe biti \u0107e vam vra\u0107ena, a \u017eeljeni artikal \u0107ete naru\u010diti putem nove narud\u017ebe i uplate.<\/p><p><b>2. Reklamacije robe s nedostatkom<\/b><\/p><p>U zaista rijetkim slu\u010dajevima kada primite robu s nedostatkom, imate pravo na prigovor ili reklamaciju robe u zakonskom roku prema Zakonu o za\u0161titi potro\u0161a\u010da.<\/p><p>Sukladno \u010dl. 10 Zakona o za\u0161titi potro\u0161a\u010da, omogu\u0107ujemo vam da svoje prigovore uputite na e-mail adresu\u00a0<a href=\"mailto:info@wordpress-733904-2455648.cloudwaysapps.com\" target=\"_blank\" rel=\"noopener\">info@wordpress-733904-2455648.cloudwaysapps.com<\/a>\u00a0ili putem po\u0161te na adresu\u00a0<b>Contempora d.o.o., Bujska 1, 52100 Pula, Hrvatska.<\/b><\/p><p>Na sve zaprimljene prigovore odgovoriti \u0107emo u \u0161to kra\u0107em roku, no najkasnije u roku od 15 dana od dana zaprimanja prigovora, te \u0107emo rije\u0161iti va\u0161 prigovor na najpovoljniji mogu\u0107i na\u010din.<\/p><p>Povrat u slu\u010daju reklamacije robe s nedostatkom se vr\u0161i na na\u010din da nakon zaprimanja prigovora, u dogovoru s vama, na va\u0161u adresu \u0161aljemo dostavnu slu\u017ebu koja \u0107e preuzeti paket i vratiti ga u na\u0161u poslovnicu.<\/p><p>Reklamacija \u0107e se smatrati valjanom ako se pregledom proizvoda i, ukoliko je potrebno, dodatnim vje\u0161ta\u010denjem, utvrdi da odgovara uvjetima za reklamaciju sukladno Zakonu o obveznim odnosima i Zakonu o za\u0161titi potro\u0161a\u010da.<\/p><p>Ukoliko se utvrdi da je reklamacija pravovaljana, o na\u0161em tro\u0161ku zamijeniti \u0107emo robu za istovjetnu bez nedostataka ili vratiti cjelokupan iznos koji je pla\u0107en za proizvod, uklju\u010divo s tro\u0161kovima dostave.<\/p><p>U slu\u010daju da reklamacija nije pravovaljana, tj. ukoliko se prigovor potro\u0161a\u010da odbije, kupac koji je uputio prigovor snosit \u0107e tro\u0161ak ponovne dostave kupljenog proizvoda na adresu kupca.<\/p><p><b>3. Online rje\u0161avanje potro\u0161a\u010dkih sporova<\/b><\/p><p>Sukladno uredbi Europske unije, KDS web trgovina sudjeluje u rje\u0161avanju potro\u0161a\u010dkih sporova za proizvode i usluge kupljene putem interneta, a koje kupci mogu predati online.<\/p><p>Uredba Europske Unije br. 524\/2013. o online rje\u0161avanju potro\u0161a\u010dkih sporova (Online Dispute Resolution platform) primjenjuje se od 09. sije\u010dnja 2016.<\/p><p>Sukladno \u010dlanku 14. st. 1. te Uredbe propisana je obveza trgovaca sa sjedi\u0161tem u Europskoj uniji koji sudjeluju u ugovorima o online prodaji da na lako dostupnom mjestu na svojim internetskim stranicama osiguravaju elektronsku poveznicu s Platformom za online rje\u0161avanje potro\u0161a\u010dkih sporova (Platforma za ORS).<\/p><p>Poveznicu za Platformu za online rje\u0161avanje potro\u0161a\u010dkih sporova mo\u017eete prona\u0107i <a href=\"https:\/\/ec.europa.eu\/consumers\/odr\/main\/index.cfm?event=main.home2.show&amp;lng=HR\" target=\"_blank\" rel=\"noopener\"><u>ovdje<\/u><\/a><\/p><p>Za detaljnije informacije slobodno nam se obratite na e-mail adresu\u00a0<a href=\"mailto:info@wordpress-733904-2455648.cloudwaysapps.com\" target=\"_blank\" rel=\"noopener\">info@wordpress-733904-2455648.cloudwaysapps.com<\/a><\/p>\t\t\t\t\t\t\t\t<\/div>\n\t\t\t\t<\/div>\n\t\t\t\t<div class=\"elementor-element elementor-element-f467aec elementor-widget elementor-widget-spacer\" data-id=\"f467aec\" data-element_type=\"widget\" data-widget_type=\"spacer.default\">\n\t\t\t\t<div class=\"elementor-widget-container\">\n\t\t\t\t\t\t\t<div class=\"elementor-spacer\">\n\t\t\t<div class=\"elementor-spacer-inner\"><\/div>\n\t\t<\/div>\n\t\t\t\t\t\t<\/div>\n\t\t\t\t<\/div>\n\t\t\t\t\t<\/div>\n\t\t<\/div>\n\t\t\t\t<div class=\"elementor-column elementor-col-33 elementor-inner-column elementor-element elementor-element-8c8066a\" data-id=\"8c8066a\" data-element_type=\"column\">\n\t\t\t<div class=\"elementor-widget-wrap elementor-element-populated\">\n\t\t\t\t\t\t<div class=\"elementor-element elementor-element-855cfa9 elementor-invisible elementor-widget elementor-widget-sidebar\" data-id=\"855cfa9\" data-element_type=\"widget\" data-settings=\"{&quot;sticky&quot;:&quot;top&quot;,&quot;sticky_offset&quot;:100,&quot;_animation&quot;:&quot;fadeInDown&quot;,&quot;_animation_delay&quot;:2000,&quot;sticky_on&quot;:[&quot;desktop&quot;,&quot;tablet&quot;,&quot;mobile&quot;],&quot;sticky_effects_offset&quot;:0,&quot;sticky_anchor_link_offset&quot;:0}\" data-widget_type=\"sidebar.default\">\n\t\t\t\t<div class=\"elementor-widget-container\">\n\t\t\t\t\t<div id=\"nav_menu-2\" class=\"widget widget_nav_menu\"><h2 class=\"widget-title\">UVJETI<\/h2><nav class=\"menu-uvjeti-container\" aria-label=\"UVJETI\"><ul id=\"menu-uvjeti\" class=\"menu\"><li id=\"menu-item-1532\" class=\"menu-item menu-item-type-post_type menu-item-object-page menu-item-1532\"><a href=\"https:\/\/komodesignstore.com\/hr\/opci-uvjeti-koristenja\/\" class=\"menu-link\">OP\u0106I UVJETI KORI\u0160TENJA<\/a><\/li>\n<li id=\"menu-item-1533\" class=\"menu-item menu-item-type-post_type menu-item-object-page menu-item-1533\"><a href=\"https:\/\/komodesignstore.com\/hr\/politika-zastite-podataka-i-privatnosti\/\" class=\"menu-link\">POLITIKA ZA\u0160TITE PODATAKA<\/a><\/li>\n<li id=\"menu-item-1534\" class=\"menu-item menu-item-type-post_type menu-item-object-page menu-item-1534\"><a href=\"https:\/\/komodesignstore.com\/hr\/povrat-zamjena-reklamacije\/\" class=\"menu-link\">POVRAT, ZAMJENA, REKLAMACIJE<\/a><\/li>\n<li id=\"menu-item-1531\" class=\"menu-item menu-item-type-post_type menu-item-object-page menu-item-1531\"><a href=\"https:\/\/komodesignstore.com\/hr\/nacini-placanja\/\" class=\"menu-link\">NA\u010cINI PLA\u0106ANJA<\/a><\/li>\n<li id=\"menu-item-1530\" class=\"menu-item menu-item-type-post_type menu-item-object-page menu-item-1530\"><a href=\"https:\/\/komodesignstore.com\/hr\/cjenik-i-uvjeti-dostave\/\" class=\"menu-link\">CJENIK I UVJETI DOSTAVE<\/a><\/li>\n<\/ul><\/nav><\/div>\t\t\t\t<\/div>\n\t\t\t\t<\/div>\n\t\t\t\t\t<\/div>\n\t\t<\/div>\n\t\t\t\t\t<\/div>\n\t\t<\/section>\n\t\t\t\t\t<\/div>\n\t\t<\/div>\n\t\t\t\t\t<\/div>\n\t\t<\/section>\n\t\t\t\t<\/div>\n\t\t","protected":false},"excerpt":{"rendered":"<p>returns and complaints KDS web shop djeluje sukladno Zakonu o za\u0161titi potro\u0161a\u010da, zakonu Republike Hrvatske kojim se \u0161tite osnovna prava potro\u0161a\u010da pri kupnji proizvoda i usluga. Raskid ugovora o kupoprodaji Imate pravo, ne navode\u0107i za to razlog, raskinuti ugovor o kupoprodaji u roku od 14 dana od dana preuzimanja robe ili nakon predavanja narud\u017ebe, u [&hellip;]<\/p>\n","protected":false},"author":1,"featured_media":0,"parent":0,"menu_order":0,"comment_status":"closed","ping_status":"closed","template":"","meta":{"_monsterinsights_skip_tracking":false,"_monsterinsights_sitenote_active":false,"_monsterinsights_sitenote_note":"","_monsterinsights_sitenote_category":0,"site-sidebar-layout":"no-sidebar","site-content-layout":"page-builder","ast-site-content-layout":"default","site-content-style":"default","site-sidebar-style":"default","ast-global-header-display":"","ast-banner-title-visibility":"","ast-main-header-display":"","ast-hfb-above-header-display":"","ast-hfb-below-header-display":"","ast-hfb-mobile-header-display":"","site-post-title":"disabled","ast-breadcrumbs-content":"","ast-featured-img":"disabled","footer-sml-layout":"","theme-transparent-header-meta":"default","adv-header-id-meta":"","stick-header-meta":"default","header-above-stick-meta":"","header-main-stick-meta":"","header-below-stick-meta":"","astra-migrate-meta-layouts":"default","ast-page-background-enabled":"default","ast-page-background-meta":{"desktop":{"background-color":"","background-image":"","background-repeat":"repeat","background-position":"center center","background-size":"auto","background-attachment":"scroll","background-type":"","background-media":"","overlay-type":"","overlay-color":"","overlay-opacity":"","overlay-gradient":""},"tablet":{"background-color":"","background-image":"","background-repeat":"repeat","background-position":"center center","background-size":"auto","background-attachment":"scroll","background-type":"","background-media":"","overlay-type":"","overlay-color":"","overlay-opacity":"","overlay-gradient":""},"mobile":{"background-color":"","background-image":"","background-repeat":"repeat","background-position":"center center","background-size":"auto","background-attachment":"scroll","background-type":"","background-media":"","overlay-type":"","overlay-color":"","overlay-opacity":"","overlay-gradient":""}},"ast-content-background-meta":{"desktop":{"background-color":"var(--ast-global-color-5)","background-image":"","background-repeat":"repeat","background-position":"center center","background-size":"auto","background-attachment":"scroll","background-type":"","background-media":"","overlay-type":"","overlay-color":"","overlay-opacity":"","overlay-gradient":""},"tablet":{"background-color":"var(--ast-global-color-5)","background-image":"","background-repeat":"repeat","background-position":"center center","background-size":"auto","background-attachment":"scroll","background-type":"","background-media":"","overlay-type":"","overlay-color":"","overlay-opacity":"","overlay-gradient":""},"mobile":{"background-color":"var(--ast-global-color-5)","background-image":"","background-repeat":"repeat","background-position":"center center","background-size":"auto","background-attachment":"scroll","background-type":"","background-media":"","overlay-type":"","overlay-color":"","overlay-opacity":"","overlay-gradient":""}},"footnotes":""},"class_list":["post-1527","page","type-page","status-publish","hentry"],"_links":{"self":[{"href":"https:\/\/komodesignstore.com\/hr\/wp-json\/wp\/v2\/pages\/1527","targetHints":{"allow":["GET"]}}],"collection":[{"href":"https:\/\/komodesignstore.com\/hr\/wp-json\/wp\/v2\/pages"}],"about":[{"href":"https:\/\/komodesignstore.com\/hr\/wp-json\/wp\/v2\/types\/page"}],"author":[{"embeddable":true,"href":"https:\/\/komodesignstore.com\/hr\/wp-json\/wp\/v2\/users\/1"}],"replies":[{"embeddable":true,"href":"https:\/\/komodesignstore.com\/hr\/wp-json\/wp\/v2\/comments?post=1527"}],"version-history":[{"count":0,"href":"https:\/\/komodesignstore.com\/hr\/wp-json\/wp\/v2\/pages\/1527\/revisions"}],"wp:attachment":[{"href":"https:\/\/komodesignstore.com\/hr\/wp-json\/wp\/v2\/media?parent=1527"}],"curies":[{"name":"wp","href":"https:\/\/api.w.org\/{rel}","templated":true}]}}