{"id":501,"date":"2020-01-08T10:48:13","date_gmt":"2020-01-08T10:48:13","guid":{"rendered":"https:\/\/komodesignstore.com\/about-us\/"},"modified":"2020-11-25T21:12:32","modified_gmt":"2020-11-25T20:12:32","slug":"o-nama","status":"publish","type":"page","link":"https:\/\/komodesignstore.com\/hr\/o-nama\/","title":{"rendered":"o nama"},"content":{"rendered":"\t\t<div data-elementor-type=\"wp-page\" data-elementor-id=\"501\" class=\"elementor elementor-501 elementor-296\" data-elementor-post-type=\"page\">\n\t\t\t\t\t\t<section class=\"elementor-section elementor-top-section elementor-element elementor-element-9f3ab90 elementor-section-boxed elementor-section-height-default elementor-section-height-default\" data-id=\"9f3ab90\" data-element_type=\"section\">\n\t\t\t\t\t\t<div class=\"elementor-container elementor-column-gap-default\">\n\t\t\t\t\t<div class=\"elementor-column elementor-col-100 elementor-top-column elementor-element elementor-element-77fb349\" data-id=\"77fb349\" data-element_type=\"column\">\n\t\t\t<div class=\"elementor-widget-wrap elementor-element-populated\">\n\t\t\t\t\t\t<div class=\"elementor-element elementor-element-b9ef9e1 elementor-widget elementor-widget-image\" data-id=\"b9ef9e1\" data-element_type=\"widget\" data-widget_type=\"image.default\">\n\t\t\t\t<div class=\"elementor-widget-container\">\n\t\t\t\t\t\t\t\t\t\t\t\t\t\t\t<img fetchpriority=\"high\" decoding=\"async\" width=\"1280\" height=\"474\" src=\"https:\/\/komodesignstore.com\/wp-content\/uploads\/2020\/01\/fotka-za-o-nama.jpg\" class=\"attachment-full size-full wp-image-379\" alt=\"\" srcset=\"https:\/\/komodesignstore.com\/wp-content\/uploads\/2020\/01\/fotka-za-o-nama.jpg 1280w, https:\/\/komodesignstore.com\/wp-content\/uploads\/2020\/01\/fotka-za-o-nama-300x111.jpg 300w, https:\/\/komodesignstore.com\/wp-content\/uploads\/2020\/01\/fotka-za-o-nama-1024x379.jpg 1024w, https:\/\/komodesignstore.com\/wp-content\/uploads\/2020\/01\/fotka-za-o-nama-768x284.jpg 768w, https:\/\/komodesignstore.com\/wp-content\/uploads\/2020\/01\/fotka-za-o-nama-400x148.jpg 400w, https:\/\/komodesignstore.com\/wp-content\/uploads\/2020\/01\/fotka-za-o-nama-600x222.jpg 600w\" sizes=\"(max-width: 1280px) 100vw, 1280px\" \/>\t\t\t\t\t\t\t\t\t\t\t\t\t\t\t<\/div>\n\t\t\t\t<\/div>\n\t\t\t\t<div class=\"elementor-element elementor-element-19d5331 elementor-widget elementor-widget-text-editor\" data-id=\"19d5331\" data-element_type=\"widget\" data-widget_type=\"text-editor.default\">\n\t\t\t\t<div class=\"elementor-widget-container\">\n\t\t\t\t\t\t\t\t\t<p>Dobrodo\u0161li u Komo,<\/p><p>U lipnju 2014-te godine u Puli, u Hrvatskoj otvorili smo Komo Design Store, dizajnersku trgovinu u kojoj su se mogli na\u0107i proizvodi etabliranih hrvatskih dizajnerskih brandova kao i onih koji su se tek pojavili na dizajnerskoj sceni. Potaknuti \u017eeljama na\u0161ih kupaca i oslu\u0161kivanjem njihovih potreba, odlu\u010dujemo se na zimu 2014-te na proizvodnju vlastitih proizvoda ko\u017ene galanterije koji bi nosili ime na\u0161e ku\u0107e i tako nastaje linija proizvoda Komo. Sve proizvodimo u na\u0161em studiju sami, budu\u0107i da se familija desetlje\u0107ima bavila proizvodnjom upravo ko\u017enog asesoara sve do 90&#8217;ih godina kada je proizvodnja uga\u0161ena. Nadamo se da \u0107emo u budu\u0107nosti svoj asortiman uspje\u0161no pro\u0161iriti i na druge lifestyle proizvode.<\/p><p>Komo Design Store je nakon mnogih suradnji i sretnih klijenata koji su nas posjetili zatvoren na adresi na kojoj je postojao punih pet godina, preselili smo se on line i na\u0161i proizvodi mogu se na\u0107i na ovoj web stranici i u odabranim dizajn trgovinama.<\/p><p style=\"text-align: right;\">Srda\u010dno, Komo Design Store<\/p>\t\t\t\t\t\t\t\t<\/div>\n\t\t\t\t<\/div>\n\t\t\t\t\t<\/div>\n\t\t<\/div>\n\t\t\t\t\t<\/div>\n\t\t<\/section>\n\t\t\t\t<\/div>\n\t\t","protected":false},"excerpt":{"rendered":"<p>Dobrodo\u0161li u Komo, U lipnju 2014-te godine u Puli, u Hrvatskoj otvorili smo Komo Design Store, dizajnersku trgovinu u kojoj su se mogli na\u0107i proizvodi etabliranih hrvatskih dizajnerskih brandova kao i onih koji su se tek pojavili na dizajnerskoj sceni. Potaknuti \u017eeljama na\u0161ih kupaca i oslu\u0161kivanjem njihovih potreba, odlu\u010dujemo se na zimu 2014-te na proizvodnju [&hellip;]<\/p>\n","protected":false},"author":1,"featured_media":0,"parent":0,"menu_order":0,"comment_status":"closed","ping_status":"closed","template":"elementor_header_footer","meta":{"_monsterinsights_skip_tracking":false,"_monsterinsights_sitenote_active":false,"_monsterinsights_sitenote_note":"","_monsterinsights_sitenote_category":0,"site-sidebar-layout":"no-sidebar","site-content-layout":"page-builder","ast-site-content-layout":"default","site-content-style":"default","site-sidebar-style":"default","ast-global-header-display":"","ast-banner-title-visibility":"","ast-main-header-display":"","ast-hfb-above-header-display":"","ast-hfb-below-header-display":"","ast-hfb-mobile-header-display":"","site-post-title":"disabled","ast-breadcrumbs-content":"","ast-featured-img":"disabled","footer-sml-layout":"","theme-transparent-header-meta":"default","adv-header-id-meta":"","stick-header-meta":"default","header-above-stick-meta":"","header-main-stick-meta":"","header-below-stick-meta":"","astra-migrate-meta-layouts":"default","ast-page-background-enabled":"default","ast-page-background-meta":{"desktop":{"background-color":"","background-image":"","background-repeat":"repeat","background-position":"center center","background-size":"auto","background-attachment":"scroll","background-type":"","background-media":"","overlay-type":"","overlay-color":"","overlay-opacity":"","overlay-gradient":""},"tablet":{"background-color":"","background-image":"","background-repeat":"repeat","background-position":"center center","background-size":"auto","background-attachment":"scroll","background-type":"","background-media":"","overlay-type":"","overlay-color":"","overlay-opacity":"","overlay-gradient":""},"mobile":{"background-color":"","background-image":"","background-repeat":"repeat","background-position":"center center","background-size":"auto","background-attachment":"scroll","background-type":"","background-media":"","overlay-type":"","overlay-color":"","overlay-opacity":"","overlay-gradient":""}},"ast-content-background-meta":{"desktop":{"background-color":"var(--ast-global-color-5)","background-image":"","background-repeat":"repeat","background-position":"center center","background-size":"auto","background-attachment":"scroll","background-type":"","background-media":"","overlay-type":"","overlay-color":"","overlay-opacity":"","overlay-gradient":""},"tablet":{"background-color":"var(--ast-global-color-5)","background-image":"","background-repeat":"repeat","background-position":"center center","background-size":"auto","background-attachment":"scroll","background-type":"","background-media":"","overlay-type":"","overlay-color":"","overlay-opacity":"","overlay-gradient":""},"mobile":{"background-color":"var(--ast-global-color-5)","background-image":"","background-repeat":"repeat","background-position":"center center","background-size":"auto","background-attachment":"scroll","background-type":"","background-media":"","overlay-type":"","overlay-color":"","overlay-opacity":"","overlay-gradient":""}},"footnotes":""},"class_list":["post-501","page","type-page","status-publish","hentry"],"_links":{"self":[{"href":"https:\/\/komodesignstore.com\/hr\/wp-json\/wp\/v2\/pages\/501","targetHints":{"allow":["GET"]}}],"collection":[{"href":"https:\/\/komodesignstore.com\/hr\/wp-json\/wp\/v2\/pages"}],"about":[{"href":"https:\/\/komodesignstore.com\/hr\/wp-json\/wp\/v2\/types\/page"}],"author":[{"embeddable":true,"href":"https:\/\/komodesignstore.com\/hr\/wp-json\/wp\/v2\/users\/1"}],"replies":[{"embeddable":true,"href":"https:\/\/komodesignstore.com\/hr\/wp-json\/wp\/v2\/comments?post=501"}],"version-history":[{"count":0,"href":"https:\/\/komodesignstore.com\/hr\/wp-json\/wp\/v2\/pages\/501\/revisions"}],"wp:attachment":[{"href":"https:\/\/komodesignstore.com\/hr\/wp-json\/wp\/v2\/media?parent=501"}],"curies":[{"name":"wp","href":"https:\/\/api.w.org\/{rel}","templated":true}]}}