{"id":1229,"date":"2020-01-21T19:16:05","date_gmt":"2020-01-21T18:18:16","guid":{"rendered":"https:\/\/komodesignstore.com\/?post_type=product&#038;p=1229"},"modified":"2025-10-21T10:29:44","modified_gmt":"2025-10-21T08:29:44","slug":"torbica-mini-bow-black","status":"publish","type":"product","link":"https:\/\/komodesignstore.com\/hr\/proizvod\/torbica-mini-bow-black\/","title":{"rendered":"torbica mini bow | crna"},"content":{"rendered":"<p>Materijal: vanjski 100% ko\u017ea | podstava 100% tekstil<br \/>\nDimenzije: 25 cm * 17 cm<br \/>\nZatvaranje: magnetna kop\u010da<\/p>\n","protected":false},"excerpt":{"rendered":"<h2>online exclusive<\/h2>\n<p>Ko\u017eni etui od vrhunske crne ko\u017ee sa kop\u010dom od nehr\u0111aju\u0107eg \u010delika. Unutra ima mali d\u017eep dimenzija bankovne kartice. Dijelovi su ru\u010dno bojani, a torba je \u010ditava ru\u010dno \u0161ivana visokokvalitetnim voskanim koncem. Svaki proizvedeni komad unikatan je i mo\u017ee se razlikovati od fotografije obzirom na prirodna svojstva i vrstu ko\u017ee.<\/p>\n<p>Svaka torba izra\u0111uje se po narud\u017ebi. Vrijeme proizvodnje je dva tjedna.<\/p>\n<p>Budu\u0107i da se torbe ve\u0107inom izra\u0111uju od deadstock ko\u017ea kako bismo na\u0161 brend zadr\u017eali ekolo\u0161ki odr\u017eivim, ne dr\u017eimo veliku zalihu istih ko\u017ea. Ukoliko ova s fotografije nije trenutno dostupna, ponudit \u0107emo vam druge opcije u istoj boji.<\/p>\n<p>Svaka torba pakirana je u svoju vlastitu &#8216;dust bag&#8217; vre\u0107icu.<\/p>\n<p>&nbsp;<\/p>\n<p>&nbsp;<\/p>\n","protected":false},"featured_media":29345,"template":"","meta":{"_monsterinsights_skip_tracking":false,"_monsterinsights_sitenote_active":false,"_monsterinsights_sitenote_note":"","_monsterinsights_sitenote_category":0,"site-sidebar-layout":"default","site-content-layout":"default","ast-site-content-layout":"default","site-content-style":"default","site-sidebar-style":"default","ast-global-header-display":"","ast-banner-title-visibility":"","ast-main-header-display":"","ast-hfb-above-header-display":"","ast-hfb-below-header-display":"","ast-hfb-mobile-header-display":"","site-post-title":"","ast-breadcrumbs-content":"","ast-featured-img":"","footer-sml-layout":"","theme-transparent-header-meta":"default","adv-header-id-meta":"","stick-header-meta":"default","header-above-stick-meta":"","header-main-stick-meta":"","header-below-stick-meta":"","astra-migrate-meta-layouts":"set","ast-page-background-enabled":"default","ast-page-background-meta":{"desktop":{"background-color":"","background-image":"","background-repeat":"repeat","background-position":"center center","background-size":"auto","background-attachment":"scroll","background-type":"","background-media":"","overlay-type":"","overlay-color":"","overlay-opacity":"","overlay-gradient":""},"tablet":{"background-color":"","background-image":"","background-repeat":"repeat","background-position":"center center","background-size":"auto","background-attachment":"scroll","background-type":"","background-media":"","overlay-type":"","overlay-color":"","overlay-opacity":"","overlay-gradient":""},"mobile":{"background-color":"","background-image":"","background-repeat":"repeat","background-position":"center center","background-size":"auto","background-attachment":"scroll","background-type":"","background-media":"","overlay-type":"","overlay-color":"","overlay-opacity":"","overlay-gradient":""}},"ast-content-background-meta":{"desktop":{"background-color":"var(--ast-global-color-5)","background-image":"","background-repeat":"repeat","background-position":"center center","background-size":"auto","background-attachment":"scroll","background-type":"","background-media":"","overlay-type":"","overlay-color":"","overlay-opacity":"","overlay-gradient":""},"tablet":{"background-color":"var(--ast-global-color-5)","background-image":"","background-repeat":"repeat","background-position":"center center","background-size":"auto","background-attachment":"scroll","background-type":"","background-media":"","overlay-type":"","overlay-color":"","overlay-opacity":"","overlay-gradient":""},"mobile":{"background-color":"var(--ast-global-color-5)","background-image":"","background-repeat":"repeat","background-position":"center center","background-size":"auto","background-attachment":"scroll","background-type":"","background-media":"","overlay-type":"","overlay-color":"","overlay-opacity":"","overlay-gradient":""}}},"product_brand":[],"product_cat":[51,52],"product_tag":[],"class_list":{"0":"post-1229","1":"product","2":"type-product","3":"status-publish","4":"has-post-thumbnail","6":"product_cat-novcanici","7":"product_cat-torbice","8":"desktop-align-center","9":"tablet-align-center","10":"mobile-align-center","11":"ast-product-gallery-layout-horizontal","12":"ast-magnify-disabled","13":"ast-product-tabs-layout-horizontal","15":"first","16":"instock","17":"shipping-taxable","18":"purchasable","19":"product-type-simple"},"_links":{"self":[{"href":"https:\/\/komodesignstore.com\/hr\/wp-json\/wp\/v2\/product\/1229","targetHints":{"allow":["GET"]}}],"collection":[{"href":"https:\/\/komodesignstore.com\/hr\/wp-json\/wp\/v2\/product"}],"about":[{"href":"https:\/\/komodesignstore.com\/hr\/wp-json\/wp\/v2\/types\/product"}],"wp:featuredmedia":[{"embeddable":true,"href":"https:\/\/komodesignstore.com\/hr\/wp-json\/wp\/v2\/media\/29345"}],"wp:attachment":[{"href":"https:\/\/komodesignstore.com\/hr\/wp-json\/wp\/v2\/media?parent=1229"}],"wp:term":[{"taxonomy":"product_brand","embeddable":true,"href":"https:\/\/komodesignstore.com\/hr\/wp-json\/wp\/v2\/product_brand?post=1229"},{"taxonomy":"product_cat","embeddable":true,"href":"https:\/\/komodesignstore.com\/hr\/wp-json\/wp\/v2\/product_cat?post=1229"},{"taxonomy":"product_tag","embeddable":true,"href":"https:\/\/komodesignstore.com\/hr\/wp-json\/wp\/v2\/product_tag?post=1229"}],"curies":[{"name":"wp","href":"https:\/\/api.w.org\/{rel}","templated":true}]}}