{"id":1639,"date":"2020-11-20T08:39:13","date_gmt":"2020-11-20T07:39:16","guid":{"rendered":"https:\/\/komodesignstore.com\/?post_type=product&#038;p=1639"},"modified":"2025-12-01T13:31:34","modified_gmt":"2025-12-01T12:31:34","slug":"narukvica-bow10-natur-copy","status":"publish","type":"product","link":"https:\/\/komodesignstore.com\/hr\/proizvod\/narukvica-bow10-natur-copy\/","title":{"rendered":"narukvica stud20 natur"},"content":{"rendered":"<p>Materijal: 100% prirodno \u0161tavljena gove\u0111a ko\u017ea<\/p>\n","protected":false},"excerpt":{"rendered":"<h2>online exclusive<\/h2>\n<p>Ko\u017ena narukvica od vrhunske natur ko\u017ee sa kop\u010dom od nehr\u0111aju\u0107eg \u010delika. Molimo izaberite veli\u010dinu to\u010dno prema <strong><a href=\"https:\/\/komodesignstore.com\/wp-content\/uploads\/2020\/01\/vodi\u010d-za-veli\u010dine.pdf\" target=\"_blank\" rel=\"noopener noreferrer\">vodi\u010du za veli\u010dine<\/a><\/strong>. Tako\u0111er mo\u017eete izabrati da vam narukvica stoji usko uz zape\u0161\u0107e, u tom slu\u010daju birate &#8216;tight fit&#8217; ili \u0161ire, u tom slu\u010daju birate &#8216;loose fit&#8217;. Na fotografiji model nosi loose fit.<\/p>\n<p>Ukoliko \u017eelite druga\u010diju veli\u010dinu ili boju ili trebate va\u0161u po\u0161iljku hitno, slobodno nas kontaktirajte.<\/p>\n","protected":false},"featured_media":29208,"template":"","meta":{"_monsterinsights_skip_tracking":false,"_monsterinsights_sitenote_active":false,"_monsterinsights_sitenote_note":"","_monsterinsights_sitenote_category":0,"site-sidebar-layout":"default","site-content-layout":"default","ast-site-content-layout":"default","site-content-style":"default","site-sidebar-style":"default","ast-global-header-display":"","ast-banner-title-visibility":"","ast-main-header-display":"","ast-hfb-above-header-display":"","ast-hfb-below-header-display":"","ast-hfb-mobile-header-display":"","site-post-title":"","ast-breadcrumbs-content":"","ast-featured-img":"","footer-sml-layout":"","theme-transparent-header-meta":"default","adv-header-id-meta":"","stick-header-meta":"default","header-above-stick-meta":"","header-main-stick-meta":"","header-below-stick-meta":"","astra-migrate-meta-layouts":"set","ast-page-background-enabled":"default","ast-page-background-meta":{"desktop":{"background-color":"","background-image":"","background-repeat":"repeat","background-position":"center center","background-size":"auto","background-attachment":"scroll","background-type":"","background-media":"","overlay-type":"","overlay-color":"","overlay-opacity":"","overlay-gradient":""},"tablet":{"background-color":"","background-image":"","background-repeat":"repeat","background-position":"center center","background-size":"auto","background-attachment":"scroll","background-type":"","background-media":"","overlay-type":"","overlay-color":"","overlay-opacity":"","overlay-gradient":""},"mobile":{"background-color":"","background-image":"","background-repeat":"repeat","background-position":"center center","background-size":"auto","background-attachment":"scroll","background-type":"","background-media":"","overlay-type":"","overlay-color":"","overlay-opacity":"","overlay-gradient":""}},"ast-content-background-meta":{"desktop":{"background-color":"var(--ast-global-color-5)","background-image":"","background-repeat":"repeat","background-position":"center center","background-size":"auto","background-attachment":"scroll","background-type":"","background-media":"","overlay-type":"","overlay-color":"","overlay-opacity":"","overlay-gradient":""},"tablet":{"background-color":"var(--ast-global-color-5)","background-image":"","background-repeat":"repeat","background-position":"center center","background-size":"auto","background-attachment":"scroll","background-type":"","background-media":"","overlay-type":"","overlay-color":"","overlay-opacity":"","overlay-gradient":""},"mobile":{"background-color":"var(--ast-global-color-5)","background-image":"","background-repeat":"repeat","background-position":"center center","background-size":"auto","background-attachment":"scroll","background-type":"","background-media":"","overlay-type":"","overlay-color":"","overlay-opacity":"","overlay-gradient":""}}},"product_brand":[],"product_cat":[54],"product_tag":[],"class_list":{"0":"post-1639","1":"product","2":"type-product","3":"status-publish","4":"has-post-thumbnail","6":"product_cat-narukvice","7":"desktop-align-center","8":"tablet-align-center","9":"mobile-align-center","10":"ast-product-gallery-layout-horizontal","11":"ast-magnify-disabled","12":"ast-product-single-variable","13":"ast-product-tabs-layout-horizontal","15":"first","16":"instock","17":"shipping-taxable","18":"purchasable","19":"product-type-variable"},"_links":{"self":[{"href":"https:\/\/komodesignstore.com\/hr\/wp-json\/wp\/v2\/product\/1639","targetHints":{"allow":["GET"]}}],"collection":[{"href":"https:\/\/komodesignstore.com\/hr\/wp-json\/wp\/v2\/product"}],"about":[{"href":"https:\/\/komodesignstore.com\/hr\/wp-json\/wp\/v2\/types\/product"}],"wp:featuredmedia":[{"embeddable":true,"href":"https:\/\/komodesignstore.com\/hr\/wp-json\/wp\/v2\/media\/29208"}],"wp:attachment":[{"href":"https:\/\/komodesignstore.com\/hr\/wp-json\/wp\/v2\/media?parent=1639"}],"wp:term":[{"taxonomy":"product_brand","embeddable":true,"href":"https:\/\/komodesignstore.com\/hr\/wp-json\/wp\/v2\/product_brand?post=1639"},{"taxonomy":"product_cat","embeddable":true,"href":"https:\/\/komodesignstore.com\/hr\/wp-json\/wp\/v2\/product_cat?post=1639"},{"taxonomy":"product_tag","embeddable":true,"href":"https:\/\/komodesignstore.com\/hr\/wp-json\/wp\/v2\/product_tag?post=1639"}],"curies":[{"name":"wp","href":"https:\/\/api.w.org\/{rel}","templated":true}]}}